{"id":9850,"date":"2023-09-15T10:12:54","date_gmt":"2023-09-15T10:12:54","guid":{"rendered":"https:\/\/aimo.nypabbutiken.se\/?post_type=product&#038;p=9850"},"modified":"2024-03-11T12:02:23","modified_gmt":"2024-03-11T12:02:23","slug":"funktionspike-herr-morkgra-m-stripe","status":"publish","type":"product","link":"https:\/\/aimo.nypabbutiken.se\/?product=funktionspike-herr-morkgra-m-stripe","title":{"rendered":"Funktionspik\u00e9 Herr, m\u00f6rkgr\u00e5 m. stripe"},"content":{"rendered":"<p><strong>Namn:<\/strong><br \/>\nFunktionspik\u00e9 Herr, m\u00f6rkgr\u00e5 m. stripe<\/p>\n<p><strong>Info:<\/strong><br \/>\nPolyesterpik\u00e9<br \/>\nKnappsl\u00e5 med 3 knappar<br \/>\nR\u00e4nder p\u00e5 krage och \u00e4rmar i andra f\u00e4rger<br \/>\nFukttransporterande textil<br \/>\nXS, S, M, L, XL, XXL<\/p>\n","protected":false},"excerpt":{"rendered":"<p>Funktionspik\u00e9 Herr, m\u00f6rkgr\u00e5 m. stripe<\/p>\n","protected":false},"featured_media":9859,"template":"","meta":[],"product_brand":[],"product_cat":[108,77],"product_tag":[],"class_list":{"0":"post-9850","1":"product","2":"type-product","3":"status-publish","4":"has-post-thumbnail","6":"product_cat-p-vakter","7":"product_cat-tekniker","9":"first","10":"instock","11":"featured","12":"shipping-taxable","13":"purchasable","14":"product-type-variable"},"_links":{"self":[{"href":"https:\/\/aimo.nypabbutiken.se\/index.php?rest_route=\/wp\/v2\/product\/9850","targetHints":{"allow":["GET"]}}],"collection":[{"href":"https:\/\/aimo.nypabbutiken.se\/index.php?rest_route=\/wp\/v2\/product"}],"about":[{"href":"https:\/\/aimo.nypabbutiken.se\/index.php?rest_route=\/wp\/v2\/types\/product"}],"wp:featuredmedia":[{"embeddable":true,"href":"https:\/\/aimo.nypabbutiken.se\/index.php?rest_route=\/wp\/v2\/media\/9859"}],"wp:attachment":[{"href":"https:\/\/aimo.nypabbutiken.se\/index.php?rest_route=%2Fwp%2Fv2%2Fmedia&parent=9850"}],"wp:term":[{"taxonomy":"product_brand","embeddable":true,"href":"https:\/\/aimo.nypabbutiken.se\/index.php?rest_route=%2Fwp%2Fv2%2Fproduct_brand&post=9850"},{"taxonomy":"product_cat","embeddable":true,"href":"https:\/\/aimo.nypabbutiken.se\/index.php?rest_route=%2Fwp%2Fv2%2Fproduct_cat&post=9850"},{"taxonomy":"product_tag","embeddable":true,"href":"https:\/\/aimo.nypabbutiken.se\/index.php?rest_route=%2Fwp%2Fv2%2Fproduct_tag&post=9850"}],"curies":[{"name":"wp","href":"https:\/\/api.w.org\/{rel}","templated":true}]}}