{"id":9593,"date":"2023-05-09T11:13:04","date_gmt":"2023-05-09T11:13:04","guid":{"rendered":"https:\/\/aimo.nypabbutiken.se\/?post_type=product&#038;p=9593"},"modified":"2025-10-31T14:57:22","modified_gmt":"2025-10-31T14:57:22","slug":"byxa-vadderad-svart","status":"publish","type":"product","link":"https:\/\/aimo.nypabbutiken.se\/?product=byxa-vadderad-svart","title":{"rendered":"Byxa Vinter Vadderad Svart"},"content":{"rendered":"","protected":false},"excerpt":{"rendered":"<p>Fodrad byxa i vind- och vattent\u00e4tt material. Tejpade s\u00f6mmar. Ventilationskanaler p\u00e5 baksida ben, med meshfoder. Sidfickor med dragkedja p\u00e5 b\u00e5da sidor. Extra h\u00f6g midja f\u00f6r att undvika glipor, \u00e4ven reglerbar med kardborre p\u00e5 b\u00e5da sidor. Dragkedja upp till kn\u00e4t baktill f\u00f6r att underl\u00e4tta av- och p\u00e5tagning. F\u00f6rst\u00e4rkta \u00f6ver kn\u00e4 och insida ben f\u00f6r \u00f6kad slitstyrka. F\u00f6rb\u00f6jda kn\u00e4n. Kn\u00e4skyddsfickor som g\u00e5r att reglera i tv\u00e5 h\u00f6jder, \u00f6ppning inifr\u00e5n.<\/p>\n","protected":false},"featured_media":9647,"template":"","meta":[],"product_brand":[],"product_cat":[108,77],"product_tag":[],"class_list":{"0":"post-9593","1":"product","2":"type-product","3":"status-publish","4":"has-post-thumbnail","6":"product_cat-p-vakter","7":"product_cat-tekniker","9":"first","10":"instock","11":"shipping-taxable","12":"purchasable","13":"product-type-variable"},"_links":{"self":[{"href":"https:\/\/aimo.nypabbutiken.se\/index.php?rest_route=\/wp\/v2\/product\/9593","targetHints":{"allow":["GET"]}}],"collection":[{"href":"https:\/\/aimo.nypabbutiken.se\/index.php?rest_route=\/wp\/v2\/product"}],"about":[{"href":"https:\/\/aimo.nypabbutiken.se\/index.php?rest_route=\/wp\/v2\/types\/product"}],"wp:featuredmedia":[{"embeddable":true,"href":"https:\/\/aimo.nypabbutiken.se\/index.php?rest_route=\/wp\/v2\/media\/9647"}],"wp:attachment":[{"href":"https:\/\/aimo.nypabbutiken.se\/index.php?rest_route=%2Fwp%2Fv2%2Fmedia&parent=9593"}],"wp:term":[{"taxonomy":"product_brand","embeddable":true,"href":"https:\/\/aimo.nypabbutiken.se\/index.php?rest_route=%2Fwp%2Fv2%2Fproduct_brand&post=9593"},{"taxonomy":"product_cat","embeddable":true,"href":"https:\/\/aimo.nypabbutiken.se\/index.php?rest_route=%2Fwp%2Fv2%2Fproduct_cat&post=9593"},{"taxonomy":"product_tag","embeddable":true,"href":"https:\/\/aimo.nypabbutiken.se\/index.php?rest_route=%2Fwp%2Fv2%2Fproduct_tag&post=9593"}],"curies":[{"name":"wp","href":"https:\/\/api.w.org\/{rel}","templated":true}]}}