{"id":9546,"date":"2023-05-09T08:59:54","date_gmt":"2023-05-09T08:59:54","guid":{"rendered":"https:\/\/aimo.nypabbutiken.se\/?post_type=product&#038;p=9546"},"modified":"2025-10-30T14:15:08","modified_gmt":"2025-10-30T14:15:08","slug":"9835-set-base-layer-men","status":"publish","type":"product","link":"https:\/\/aimo.nypabbutiken.se\/?product=9835-set-base-layer-men","title":{"rendered":"Underst\u00e4ll 9835 Set Base Layer Men"},"content":{"rendered":"<div class=\"MuiBox-root jss160\">\n<div class=\"MuiBox-root jss161\">\n<div class=\"MuiGrid-root MuiGrid-container MuiGrid-spacing-xs-10\">\n<div class=\"MuiGrid-root jss157 MuiGrid-item MuiGrid-grid-xs-12 MuiGrid-grid-md-5\">\n<div class=\"MuiBox-root jss254\">\n<div class=\"MuiBox-root jss263\">\n<div class=\"MuiTypography-root jss68 jss264\"><\/div>\n<\/div>\n<\/div>\n<\/div>\n<\/div>\n<\/div>\n<\/div>\n","protected":false},"excerpt":{"rendered":"<p>Tr\u00f6ja och byxa. Tr\u00f6jan har krage och dragkedja samt f\u00f6rl\u00e4ngd rygg.<\/p>\n","protected":false},"featured_media":9556,"template":"","meta":[],"product_brand":[],"product_cat":[108,77],"product_tag":[],"class_list":{"0":"post-9546","1":"product","2":"type-product","3":"status-publish","4":"has-post-thumbnail","6":"product_cat-p-vakter","7":"product_cat-tekniker","9":"first","10":"instock","11":"featured","12":"shipping-taxable","13":"purchasable","14":"product-type-variable"},"_links":{"self":[{"href":"https:\/\/aimo.nypabbutiken.se\/index.php?rest_route=\/wp\/v2\/product\/9546","targetHints":{"allow":["GET"]}}],"collection":[{"href":"https:\/\/aimo.nypabbutiken.se\/index.php?rest_route=\/wp\/v2\/product"}],"about":[{"href":"https:\/\/aimo.nypabbutiken.se\/index.php?rest_route=\/wp\/v2\/types\/product"}],"wp:featuredmedia":[{"embeddable":true,"href":"https:\/\/aimo.nypabbutiken.se\/index.php?rest_route=\/wp\/v2\/media\/9556"}],"wp:attachment":[{"href":"https:\/\/aimo.nypabbutiken.se\/index.php?rest_route=%2Fwp%2Fv2%2Fmedia&parent=9546"}],"wp:term":[{"taxonomy":"product_brand","embeddable":true,"href":"https:\/\/aimo.nypabbutiken.se\/index.php?rest_route=%2Fwp%2Fv2%2Fproduct_brand&post=9546"},{"taxonomy":"product_cat","embeddable":true,"href":"https:\/\/aimo.nypabbutiken.se\/index.php?rest_route=%2Fwp%2Fv2%2Fproduct_cat&post=9546"},{"taxonomy":"product_tag","embeddable":true,"href":"https:\/\/aimo.nypabbutiken.se\/index.php?rest_route=%2Fwp%2Fv2%2Fproduct_tag&post=9546"}],"curies":[{"name":"wp","href":"https:\/\/api.w.org\/{rel}","templated":true}]}}