{"id":8632,"date":"2022-10-27T07:41:36","date_gmt":"2022-10-27T07:41:36","guid":{"rendered":"https:\/\/aimo.nypabbutiken.se\/?post_type=product&#038;p=8632"},"modified":"2025-10-31T14:53:45","modified_gmt":"2025-10-31T14:53:45","slug":"understall-byxa-dam-w-hh-lifa-merino-pant","status":"publish","type":"product","link":"https:\/\/aimo.nypabbutiken.se\/?product=understall-byxa-dam-w-hh-lifa-merino-pant","title":{"rendered":"Underst\u00e4ll byxa Dam W HH LIFA MERINO PANT"},"content":{"rendered":"<div class=\"b-pdp-tabs__col b-pdp-tabs__col--70 b-pdp-tabs__col--left\">\n<div class=\"b-pdp-tabs__product-name\">Dam Lifa Merino Underst\u00e4llsbyxa<\/div>\n<div class=\"b-pdp-tabs__sku\">\n<div class=\"product attribute sku\">\n<p><strong class=\"type\">No.<\/strong><\/p>\n<div class=\"value\">75520<\/div>\n<\/div>\n<\/div>\n<div class=\"b-pdp-tabs__description\">\n<div class=\"b-product__details product info detailed\">\n<div class=\"product data items\">\n<div id=\"description\" class=\"data item\">\n<div class=\"product attribute description\">\n<div class=\"value\">Samma kvalitet som de v\u00e4lk\u00e4nda HH Lifa\u00ae Merino-modellerna med en kvinnligfeminin passform.<\/div>\n<\/div>\n<\/div>\n<div id=\"properties\" class=\"data item\">\n<div class=\"product attribute property\">\n<p><span class=\"attribute__label\"><b>Fiber Content<\/b><\/span>:Main fabric: 57% Merino, 43% Polypropylene &#8211; 215 g\/m\u00b2<\/p>\n<\/div>\n<div class=\"product attribute property\">\n<p><span class=\"attribute__label\"><b>Care Instructions<\/b><\/span>:Machine wash in luke warm water &#8211; 40\u00b0C very gentle cycle, Do not bleach, Do not tumble dry, Do not iron, Do not dry clean<\/p>\n<\/div>\n<\/div>\n<\/div>\n<\/div>\n<\/div>\n<\/div>\n","protected":false},"excerpt":{"rendered":"<h4 class=\"b-pdp-tabs__subheading\">Funktioner<\/h4>\n<div id=\"rmjs-1\" class=\"b-pdp-tabs__cms b-features js-features\" data-readmore=\"\" aria-expanded=\"true\">OEKO-TEX\u00ae -godk\u00e4nt huvudmaterial<br \/>\nLifa\u00ae Stay Warm Technology<br \/>\nLifa\u00ae Merino<br \/>\nRes\u00e5r i midjan f\u00f6r perfekt passform och r\u00f6relsefrihet<br \/>\nGrenkil<br \/>\nFlatlocks\u00f6mmar f\u00f6r extra komfort<\/div>\n","protected":false},"featured_media":8633,"template":"","meta":[],"product_brand":[],"product_cat":[108,77],"product_tag":[],"class_list":{"0":"post-8632","1":"product","2":"type-product","3":"status-publish","4":"has-post-thumbnail","6":"product_cat-p-vakter","7":"product_cat-tekniker","8":"pa_size-l","9":"pa_size-m","10":"pa_size-s","11":"pa_size-xl","12":"pa_size-xs","13":"pa_size-xxl","15":"first","16":"instock","17":"shipping-taxable","18":"purchasable","19":"product-type-variable"},"_links":{"self":[{"href":"https:\/\/aimo.nypabbutiken.se\/index.php?rest_route=\/wp\/v2\/product\/8632","targetHints":{"allow":["GET"]}}],"collection":[{"href":"https:\/\/aimo.nypabbutiken.se\/index.php?rest_route=\/wp\/v2\/product"}],"about":[{"href":"https:\/\/aimo.nypabbutiken.se\/index.php?rest_route=\/wp\/v2\/types\/product"}],"wp:featuredmedia":[{"embeddable":true,"href":"https:\/\/aimo.nypabbutiken.se\/index.php?rest_route=\/wp\/v2\/media\/8633"}],"wp:attachment":[{"href":"https:\/\/aimo.nypabbutiken.se\/index.php?rest_route=%2Fwp%2Fv2%2Fmedia&parent=8632"}],"wp:term":[{"taxonomy":"product_brand","embeddable":true,"href":"https:\/\/aimo.nypabbutiken.se\/index.php?rest_route=%2Fwp%2Fv2%2Fproduct_brand&post=8632"},{"taxonomy":"product_cat","embeddable":true,"href":"https:\/\/aimo.nypabbutiken.se\/index.php?rest_route=%2Fwp%2Fv2%2Fproduct_cat&post=8632"},{"taxonomy":"product_tag","embeddable":true,"href":"https:\/\/aimo.nypabbutiken.se\/index.php?rest_route=%2Fwp%2Fv2%2Fproduct_tag&post=8632"}],"curies":[{"name":"wp","href":"https:\/\/api.w.org\/{rel}","templated":true}]}}