{"id":8611,"date":"2022-10-27T06:51:56","date_gmt":"2022-10-27T06:51:56","guid":{"rendered":"https:\/\/aimo.nypabbutiken.se\/?post_type=product&#038;p=8611"},"modified":"2025-10-31T14:50:32","modified_gmt":"2025-10-31T14:50:32","slug":"understall-byxa-hh-lifa-merino-pant","status":"publish","type":"product","link":"https:\/\/aimo.nypabbutiken.se\/?product=understall-byxa-hh-lifa-merino-pant","title":{"rendered":"Underst\u00e4ll byxa HH LIFA MERINO PANT"},"content":{"rendered":"<div class=\"b-pdp-tabs__col b-pdp-tabs__col--70 b-pdp-tabs__col--left\">\n<div class=\"b-pdp-tabs__product-name\">Lifa Merino Underst\u00e4llsbyxa<\/div>\n<div class=\"b-pdp-tabs__sku\">\n<div class=\"product attribute sku\">\n<p><strong class=\"type\">No.<\/strong><\/p>\n<div class=\"value\">75506<\/div>\n<\/div>\n<\/div>\n<div class=\"b-pdp-tabs__description\">\n<div class=\"b-product__details product info detailed\">\n<div class=\"product data items\">\n<div id=\"description\" class=\"data item\">\n<div class=\"product attribute description\">\n<div class=\"value\">Genom att blanda Lifa\u00ae med merinoull f\u00e5r vi den b\u00e4sta av tv\u00e5 v\u00e4rldar. Medan Lifa\u00ae avl\u00e4gsnar svett fr\u00e5n kroppen s\u00e4kerst\u00e4ller merinoullen att du h\u00e5ller dig varm. Utformad f\u00f6r h\u00f6g aktivitet under kalla dagar<\/div>\n<\/div>\n<\/div>\n<div id=\"properties\" class=\"data item\">\n<div class=\"product attribute property\">\n<p><span class=\"attribute__label\"><b>Fiber Content<\/b><\/span>:Main fabric: 57% Merino, 43% Polypropylene &#8211; 215 g.<\/p>\n<\/div>\n<div class=\"product attribute property\">\n<p><span class=\"attribute__label\"><b>Care Instructions<\/b><\/span>:Machine wash in luke warm water &#8211; 40\u00b0C very gentle cycle, Do not bleach, Do not tumble dry, Dry flat, Do not iron, Do not dry clean<\/p>\n<\/div>\n<\/div>\n<\/div>\n<\/div>\n<\/div>\n<\/div>\n","protected":false},"excerpt":{"rendered":"<h4 class=\"b-pdp-tabs__subheading\">Funktioner<\/h4>\n<div id=\"rmjs-1\" class=\"b-pdp-tabs__cms b-features js-features\" data-readmore=\"\" aria-expanded=\"true\">OEKO-TEX\u00ae -godk\u00e4nt huvudmaterial<br \/>\nLifa\u00ae Stay Warm Technology<br \/>\nLifa\u00ae Merino<br \/>\nRes\u00e5r i midjan f\u00f6r perfekt passform och r\u00f6relsefrihet<br \/>\nGrenkil<br \/>\nFlatlocks\u00f6mmar f\u00f6r extra komfort<\/div>\n","protected":false},"featured_media":8619,"template":"","meta":[],"product_brand":[],"product_cat":[108],"product_tag":[],"class_list":{"0":"post-8611","1":"product","2":"type-product","3":"status-publish","4":"has-post-thumbnail","6":"product_cat-p-vakter","7":"pa_size-3xl","8":"pa_size-4xl","9":"pa_size-l","10":"pa_size-m","11":"pa_size-s","12":"pa_size-xl","13":"pa_size-xxl","15":"first","16":"instock","17":"shipping-taxable","18":"purchasable","19":"product-type-variable"},"_links":{"self":[{"href":"https:\/\/aimo.nypabbutiken.se\/index.php?rest_route=\/wp\/v2\/product\/8611","targetHints":{"allow":["GET"]}}],"collection":[{"href":"https:\/\/aimo.nypabbutiken.se\/index.php?rest_route=\/wp\/v2\/product"}],"about":[{"href":"https:\/\/aimo.nypabbutiken.se\/index.php?rest_route=\/wp\/v2\/types\/product"}],"wp:featuredmedia":[{"embeddable":true,"href":"https:\/\/aimo.nypabbutiken.se\/index.php?rest_route=\/wp\/v2\/media\/8619"}],"wp:attachment":[{"href":"https:\/\/aimo.nypabbutiken.se\/index.php?rest_route=%2Fwp%2Fv2%2Fmedia&parent=8611"}],"wp:term":[{"taxonomy":"product_brand","embeddable":true,"href":"https:\/\/aimo.nypabbutiken.se\/index.php?rest_route=%2Fwp%2Fv2%2Fproduct_brand&post=8611"},{"taxonomy":"product_cat","embeddable":true,"href":"https:\/\/aimo.nypabbutiken.se\/index.php?rest_route=%2Fwp%2Fv2%2Fproduct_cat&post=8611"},{"taxonomy":"product_tag","embeddable":true,"href":"https:\/\/aimo.nypabbutiken.se\/index.php?rest_route=%2Fwp%2Fv2%2Fproduct_tag&post=8611"}],"curies":[{"name":"wp","href":"https:\/\/api.w.org\/{rel}","templated":true}]}}