{"id":8598,"date":"2022-10-27T06:19:41","date_gmt":"2022-10-27T06:19:41","guid":{"rendered":"https:\/\/aimo.nypabbutiken.se\/?post_type=product&#038;p=8598"},"modified":"2025-10-31T14:48:22","modified_gmt":"2025-10-31T14:48:22","slug":"understall-troja-hh-lifa-merino-half-zip","status":"publish","type":"product","link":"https:\/\/aimo.nypabbutiken.se\/?product=understall-troja-hh-lifa-merino-half-zip","title":{"rendered":"Underst\u00e4ll tr\u00f6ja HH LIFA MERINO HALF ZIP"},"content":{"rendered":"<p>Lifa Merino Underst\u00e4llstr\u00f6ja Halvzip<br \/>\nNo. 75107 Levereras fr\u00e4mst i gr\u00e5tt men kan variear f\u00e4rg pga tillg\u00e5ng<br \/>\nGenom att blanda Lifa\u00ae med merinoull f\u00e5r vi den b\u00e4sta av tv\u00e5 v\u00e4rldar. Medan Lifa\u00ae avl\u00e4gsnar svett fr\u00e5n kroppen s\u00e4kerst\u00e4ller merinoullen att du h\u00e5ller dig varm. Utformad f\u00f6r h\u00f6g aktivitet under kalla dagar<br \/>\nFiber Content:<\/p>\n<p>Main fabric: 57%Merino, 43% Polypropylene &#8211; 215 g\/m\u00b2<br \/>\nCare Instructions:<\/p>\n<p>Machine wash in luke warm water &#8211; 40\u00b0C very gentle cycle, Do not bleach, Dry flat, Do not iron, Do not dry clean<\/p>\n","protected":false},"excerpt":{"rendered":"<p>Funktioner<br \/>\nOEKO-TEX\u00ae -godk\u00e4nt huvudmaterial<br \/>\nLifa\u00ae Stay Warm Technology<br \/>\nLifa\u00ae Merino<br \/>\nHalv YKK\u00ae-dragkedja fram med bakre sl\u00e5 och hakskydd<br \/>\nInga axels\u00f6mmar<br \/>\nInga sidos\u00f6mmar<br \/>\nFlatlocks\u00f6mmar f\u00f6r extra komfort<\/p>\n","protected":false},"featured_media":8599,"template":"","meta":[],"product_brand":[],"product_cat":[108],"product_tag":[],"class_list":{"0":"post-8598","1":"product","2":"type-product","3":"status-publish","4":"has-post-thumbnail","6":"product_cat-p-vakter","7":"pa_size-l","8":"pa_size-m","9":"pa_size-s","10":"pa_size-xl","11":"pa_size-xs","12":"pa_size-xxl","14":"first","15":"instock","16":"shipping-taxable","17":"purchasable","18":"product-type-variable"},"_links":{"self":[{"href":"https:\/\/aimo.nypabbutiken.se\/index.php?rest_route=\/wp\/v2\/product\/8598","targetHints":{"allow":["GET"]}}],"collection":[{"href":"https:\/\/aimo.nypabbutiken.se\/index.php?rest_route=\/wp\/v2\/product"}],"about":[{"href":"https:\/\/aimo.nypabbutiken.se\/index.php?rest_route=\/wp\/v2\/types\/product"}],"wp:featuredmedia":[{"embeddable":true,"href":"https:\/\/aimo.nypabbutiken.se\/index.php?rest_route=\/wp\/v2\/media\/8599"}],"wp:attachment":[{"href":"https:\/\/aimo.nypabbutiken.se\/index.php?rest_route=%2Fwp%2Fv2%2Fmedia&parent=8598"}],"wp:term":[{"taxonomy":"product_brand","embeddable":true,"href":"https:\/\/aimo.nypabbutiken.se\/index.php?rest_route=%2Fwp%2Fv2%2Fproduct_brand&post=8598"},{"taxonomy":"product_cat","embeddable":true,"href":"https:\/\/aimo.nypabbutiken.se\/index.php?rest_route=%2Fwp%2Fv2%2Fproduct_cat&post=8598"},{"taxonomy":"product_tag","embeddable":true,"href":"https:\/\/aimo.nypabbutiken.se\/index.php?rest_route=%2Fwp%2Fv2%2Fproduct_tag&post=8598"}],"curies":[{"name":"wp","href":"https:\/\/api.w.org\/{rel}","templated":true}]}}