{"id":7541,"date":"2022-04-05T10:00:52","date_gmt":"2022-04-05T10:00:52","guid":{"rendered":"https:\/\/aimo.nypabbutiken.se\/?post_type=product&#038;p=7541"},"modified":"2025-10-31T15:07:54","modified_gmt":"2025-10-31T15:07:54","slug":"softshell-sports-tech-gloves","status":"publish","type":"product","link":"https:\/\/aimo.nypabbutiken.se\/?product=softshell-sports-tech-gloves","title":{"rendered":"Handskar,Softshell Sports Tech Gloves"},"content":{"rendered":"<p>Smidiga och funktionella handskar i Softshell. Vindt\u00e4ta med quick-dry effekt. Ergonomisk passform. Sk\u00e4rmv\u00e4nliga och fungerar utm\u00e4rkt p\u00e5 touch-enheter. Material 93% polyester, 7% elastan Storlekar S\/M, L\/XL<\/p>\n","protected":false},"excerpt":{"rendered":"<p>Smidiga och funktionella handskar i Softshell. Vindt\u00e4ta med quick-dry effekt. Ergonomisk passform. Sk\u00e4rmv\u00e4nliga och fungerar utm\u00e4rkt p\u00e5 touch-enheter. Material 93% polyester, 7% elastan Storlekar S\/M, L\/XL<\/p>\n","protected":false},"featured_media":7542,"template":"","meta":[],"product_brand":[],"product_cat":[108,77],"product_tag":[],"class_list":{"0":"post-7541","1":"product","2":"type-product","3":"status-publish","4":"has-post-thumbnail","6":"product_cat-p-vakter","7":"product_cat-tekniker","9":"first","10":"instock","11":"shipping-taxable","12":"purchasable","13":"product-type-variable"},"_links":{"self":[{"href":"https:\/\/aimo.nypabbutiken.se\/index.php?rest_route=\/wp\/v2\/product\/7541","targetHints":{"allow":["GET"]}}],"collection":[{"href":"https:\/\/aimo.nypabbutiken.se\/index.php?rest_route=\/wp\/v2\/product"}],"about":[{"href":"https:\/\/aimo.nypabbutiken.se\/index.php?rest_route=\/wp\/v2\/types\/product"}],"wp:featuredmedia":[{"embeddable":true,"href":"https:\/\/aimo.nypabbutiken.se\/index.php?rest_route=\/wp\/v2\/media\/7542"}],"wp:attachment":[{"href":"https:\/\/aimo.nypabbutiken.se\/index.php?rest_route=%2Fwp%2Fv2%2Fmedia&parent=7541"}],"wp:term":[{"taxonomy":"product_brand","embeddable":true,"href":"https:\/\/aimo.nypabbutiken.se\/index.php?rest_route=%2Fwp%2Fv2%2Fproduct_brand&post=7541"},{"taxonomy":"product_cat","embeddable":true,"href":"https:\/\/aimo.nypabbutiken.se\/index.php?rest_route=%2Fwp%2Fv2%2Fproduct_cat&post=7541"},{"taxonomy":"product_tag","embeddable":true,"href":"https:\/\/aimo.nypabbutiken.se\/index.php?rest_route=%2Fwp%2Fv2%2Fproduct_tag&post=7541"}],"curies":[{"name":"wp","href":"https:\/\/api.w.org\/{rel}","templated":true}]}}