{"id":7164,"date":"2022-01-12T11:17:03","date_gmt":"2022-01-12T11:17:03","guid":{"rendered":"https:\/\/aimo.nypabbutiken.se\/?post_type=product&#038;p=7164"},"modified":"2025-11-06T11:50:33","modified_gmt":"2025-11-06T11:50:33","slug":"varselvast-parkeringvard","status":"publish","type":"product","link":"https:\/\/aimo.nypabbutiken.se\/?product=varselvast-parkeringvard","title":{"rendered":"Varselv\u00e4st Parkeringv\u00e4rd"},"content":{"rendered":"<p>En enkel varselv\u00e4st till yrke som st\u00e4ngs med dragkedja och har m\u00e5nga storlekar. Mycket omtyckt p\u00e5 arbetsplatser d\u00e4r det kr\u00e4vs en godk\u00e4nd klassad v\u00e4st. V\u00e4sten \u00e4r certifierad enligt normen EN ISO 20471 klass 2. Vi har m\u00e5nga metoder f\u00f6r tryck \u00e4ven vid mindre antal. Ta g\u00e4rna kontakt med oss f\u00f6r f\u00f6rslag och offert.<\/p>\n","protected":false},"excerpt":{"rendered":"<p>Varselv\u00e4st med Aimo logga framtill och Parkeringsv\u00e4rd p\u00e5 rygg.<\/p>\n<ul>\n<li><strong>Storlek:<\/strong> S, M, L, XL, XXL, 3XL<\/li>\n<li><strong>F\u00e4rg:<\/strong> Gul<\/li>\n<\/ul>\n","protected":false},"featured_media":7171,"template":"","meta":[],"product_brand":[],"product_cat":[108],"product_tag":[],"class_list":{"0":"post-7164","1":"product","2":"type-product","3":"status-publish","4":"has-post-thumbnail","6":"product_cat-p-vakter","7":"pa_size-3xl","8":"pa_size-l","9":"pa_size-m","10":"pa_size-s","11":"pa_size-xl","12":"pa_size-xxl","14":"first","15":"instock","16":"shipping-taxable","17":"purchasable","18":"product-type-variable"},"_links":{"self":[{"href":"https:\/\/aimo.nypabbutiken.se\/index.php?rest_route=\/wp\/v2\/product\/7164","targetHints":{"allow":["GET"]}}],"collection":[{"href":"https:\/\/aimo.nypabbutiken.se\/index.php?rest_route=\/wp\/v2\/product"}],"about":[{"href":"https:\/\/aimo.nypabbutiken.se\/index.php?rest_route=\/wp\/v2\/types\/product"}],"wp:featuredmedia":[{"embeddable":true,"href":"https:\/\/aimo.nypabbutiken.se\/index.php?rest_route=\/wp\/v2\/media\/7171"}],"wp:attachment":[{"href":"https:\/\/aimo.nypabbutiken.se\/index.php?rest_route=%2Fwp%2Fv2%2Fmedia&parent=7164"}],"wp:term":[{"taxonomy":"product_brand","embeddable":true,"href":"https:\/\/aimo.nypabbutiken.se\/index.php?rest_route=%2Fwp%2Fv2%2Fproduct_brand&post=7164"},{"taxonomy":"product_cat","embeddable":true,"href":"https:\/\/aimo.nypabbutiken.se\/index.php?rest_route=%2Fwp%2Fv2%2Fproduct_cat&post=7164"},{"taxonomy":"product_tag","embeddable":true,"href":"https:\/\/aimo.nypabbutiken.se\/index.php?rest_route=%2Fwp%2Fv2%2Fproduct_tag&post=7164"}],"curies":[{"name":"wp","href":"https:\/\/api.w.org\/{rel}","templated":true}]}}