{"id":6319,"date":"2021-08-23T12:06:04","date_gmt":"2021-08-23T12:06:04","guid":{"rendered":"https:\/\/aimo.nypabbutiken.se\/?post_type=product&#038;p=6319"},"modified":"2023-05-09T08:27:32","modified_gmt":"2023-05-09T08:27:32","slug":"regnjacka-level-1","status":"publish","type":"product","link":"https:\/\/aimo.nypabbutiken.se\/?product=regnjacka-level-1","title":{"rendered":"L\u00e5ng Regnjacka\/rock m. droppkant nedtill. OBS, Detta \u00e4r ett Unisexplagg s\u00e5 tjejer ska ta en storlek mindre \u00e4n vanligt"},"content":{"rendered":"","protected":false},"excerpt":{"rendered":"","protected":false},"featured_media":6320,"template":"","meta":[],"product_brand":[],"product_cat":[108],"product_tag":[],"class_list":{"0":"post-6319","1":"product","2":"type-product","3":"status-publish","4":"has-post-thumbnail","6":"product_cat-p-vakter","8":"first","9":"instock","10":"shipping-taxable","11":"purchasable","12":"product-type-variable"},"_links":{"self":[{"href":"https:\/\/aimo.nypabbutiken.se\/index.php?rest_route=\/wp\/v2\/product\/6319","targetHints":{"allow":["GET"]}}],"collection":[{"href":"https:\/\/aimo.nypabbutiken.se\/index.php?rest_route=\/wp\/v2\/product"}],"about":[{"href":"https:\/\/aimo.nypabbutiken.se\/index.php?rest_route=\/wp\/v2\/types\/product"}],"wp:featuredmedia":[{"embeddable":true,"href":"https:\/\/aimo.nypabbutiken.se\/index.php?rest_route=\/wp\/v2\/media\/6320"}],"wp:attachment":[{"href":"https:\/\/aimo.nypabbutiken.se\/index.php?rest_route=%2Fwp%2Fv2%2Fmedia&parent=6319"}],"wp:term":[{"taxonomy":"product_brand","embeddable":true,"href":"https:\/\/aimo.nypabbutiken.se\/index.php?rest_route=%2Fwp%2Fv2%2Fproduct_brand&post=6319"},{"taxonomy":"product_cat","embeddable":true,"href":"https:\/\/aimo.nypabbutiken.se\/index.php?rest_route=%2Fwp%2Fv2%2Fproduct_cat&post=6319"},{"taxonomy":"product_tag","embeddable":true,"href":"https:\/\/aimo.nypabbutiken.se\/index.php?rest_route=%2Fwp%2Fv2%2Fproduct_tag&post=6319"}],"curies":[{"name":"wp","href":"https:\/\/api.w.org\/{rel}","templated":true}]}}