{"id":3210,"date":"2019-12-17T14:01:24","date_gmt":"2019-12-17T14:01:24","guid":{"rendered":"https:\/\/aimo.nypabbutiken.se\/?post_type=product&#038;p=3210"},"modified":"2025-10-31T15:04:49","modified_gmt":"2025-10-31T15:04:49","slug":"varselhuva","status":"publish","type":"product","link":"https:\/\/aimo.nypabbutiken.se\/?product=varselhuva","title":{"rendered":"Varselhuva"},"content":{"rendered":"<h2>Funktionalitet<\/h2>\n<h3>Material<\/h3>\n<p>100% polyester, oxford, laminerad, vattent\u00e4t 10 000 mm, vindt\u00e4t, andasfunktion 4000 g\/m\u00b2\/24H, 200g\/m\u00b2<\/p>\n<h3>Foder<\/h3>\n<p>Polyesterfoder<\/p>\n<h3>Funktionalitet<\/h3>\n<p>Vind- &amp; vattent\u00e4tt material med andasfunktion, tejpade s\u00f6mmar<\/p>\n<h3>Reflex<\/h3>\n<p>Reflexdetalj p\u00e5 luva<\/p>\n<h3>Passar till<\/h3>\n<p>Artikel 4462, 4828, 4827, 4780<\/p>\n<h3>Storleksf\u00f6rklaring<\/h3>\n<p>Storlek S passar till jacka storlek S, M. Storlek L passar till jacka storlek L, XL. Storlek XXL passar till jacka storlek XXL, 3XL. Storlek 4XL passar till jacka storlek 4XL och upp\u00e5t<\/p>\n","protected":false},"excerpt":{"rendered":"<p>Funktionalitet Material 100% polyester, oxford, laminerad, vattent\u00e4t 10 000 mm, vindt\u00e4t, andasfunktion 4000 g\/m\u00b2\/24H, 200g\/m\u00b2 Foder Polyesterfoder Funktionalitet Vind- &amp; vattent\u00e4tt material med andasfunktion, tejpade s\u00f6mmar Reflex Reflexdetalj p\u00e5 luva Passar till Artikel 4462, 4828, 4827, 4780 Storleksf\u00f6rklaring Storlek S passar till jacka storlek S, M. Storlek L passar till jacka storlek L, XL. Storlek [&hellip;]<\/p>\n","protected":false},"featured_media":3221,"template":"","meta":[],"product_brand":[],"product_cat":[77],"product_tag":[],"class_list":{"0":"post-3210","1":"product","2":"type-product","3":"status-publish","4":"has-post-thumbnail","6":"product_cat-tekniker","8":"first","9":"instock","10":"shipping-taxable","11":"purchasable","12":"product-type-variable"},"_links":{"self":[{"href":"https:\/\/aimo.nypabbutiken.se\/index.php?rest_route=\/wp\/v2\/product\/3210","targetHints":{"allow":["GET"]}}],"collection":[{"href":"https:\/\/aimo.nypabbutiken.se\/index.php?rest_route=\/wp\/v2\/product"}],"about":[{"href":"https:\/\/aimo.nypabbutiken.se\/index.php?rest_route=\/wp\/v2\/types\/product"}],"wp:featuredmedia":[{"embeddable":true,"href":"https:\/\/aimo.nypabbutiken.se\/index.php?rest_route=\/wp\/v2\/media\/3221"}],"wp:attachment":[{"href":"https:\/\/aimo.nypabbutiken.se\/index.php?rest_route=%2Fwp%2Fv2%2Fmedia&parent=3210"}],"wp:term":[{"taxonomy":"product_brand","embeddable":true,"href":"https:\/\/aimo.nypabbutiken.se\/index.php?rest_route=%2Fwp%2Fv2%2Fproduct_brand&post=3210"},{"taxonomy":"product_cat","embeddable":true,"href":"https:\/\/aimo.nypabbutiken.se\/index.php?rest_route=%2Fwp%2Fv2%2Fproduct_cat&post=3210"},{"taxonomy":"product_tag","embeddable":true,"href":"https:\/\/aimo.nypabbutiken.se\/index.php?rest_route=%2Fwp%2Fv2%2Fproduct_tag&post=3210"}],"curies":[{"name":"wp","href":"https:\/\/api.w.org\/{rel}","templated":true}]}}