{"id":10449,"date":"2024-11-26T07:33:52","date_gmt":"2024-11-26T07:33:52","guid":{"rendered":"https:\/\/aimo.nypabbutiken.se\/?post_type=product&#038;p=10449"},"modified":"2024-11-26T07:46:08","modified_gmt":"2024-11-26T07:46:08","slug":"handske-syntet-varmfodrad-touch","status":"publish","type":"product","link":"https:\/\/aimo.nypabbutiken.se\/?product=handske-syntet-varmfodrad-touch","title":{"rendered":"Handske, syntet, Varmfodrad, touch"},"content":{"rendered":"","protected":false},"excerpt":{"rendered":"<table width=\"519\">\n<tbody>\n<tr>\n<td width=\"519\">Syntetl\u00e4der, Polyester, Fleece, Cat. II, Svart, gr\u00f6n, Kromfri, Vattent\u00e4t, Varmfodrad, Kardborre, f\u00f6r precisionsarbeten<\/td>\n<\/tr>\n<\/tbody>\n<\/table>\n","protected":false},"featured_media":10458,"template":"","meta":[],"product_brand":[],"product_cat":[77],"product_tag":[],"class_list":{"0":"post-10449","1":"product","2":"type-product","3":"status-publish","4":"has-post-thumbnail","6":"product_cat-tekniker","8":"first","9":"instock","10":"featured","11":"shipping-taxable","12":"purchasable","13":"product-type-variable"},"_links":{"self":[{"href":"https:\/\/aimo.nypabbutiken.se\/index.php?rest_route=\/wp\/v2\/product\/10449","targetHints":{"allow":["GET"]}}],"collection":[{"href":"https:\/\/aimo.nypabbutiken.se\/index.php?rest_route=\/wp\/v2\/product"}],"about":[{"href":"https:\/\/aimo.nypabbutiken.se\/index.php?rest_route=\/wp\/v2\/types\/product"}],"wp:featuredmedia":[{"embeddable":true,"href":"https:\/\/aimo.nypabbutiken.se\/index.php?rest_route=\/wp\/v2\/media\/10458"}],"wp:attachment":[{"href":"https:\/\/aimo.nypabbutiken.se\/index.php?rest_route=%2Fwp%2Fv2%2Fmedia&parent=10449"}],"wp:term":[{"taxonomy":"product_brand","embeddable":true,"href":"https:\/\/aimo.nypabbutiken.se\/index.php?rest_route=%2Fwp%2Fv2%2Fproduct_brand&post=10449"},{"taxonomy":"product_cat","embeddable":true,"href":"https:\/\/aimo.nypabbutiken.se\/index.php?rest_route=%2Fwp%2Fv2%2Fproduct_cat&post=10449"},{"taxonomy":"product_tag","embeddable":true,"href":"https:\/\/aimo.nypabbutiken.se\/index.php?rest_route=%2Fwp%2Fv2%2Fproduct_tag&post=10449"}],"curies":[{"name":"wp","href":"https:\/\/api.w.org\/{rel}","templated":true}]}}