{"id":10440,"date":"2024-11-26T07:17:25","date_gmt":"2024-11-26T07:17:25","guid":{"rendered":"https:\/\/aimo.nypabbutiken.se\/?post_type=product&#038;p=10440"},"modified":"2024-11-26T11:21:35","modified_gmt":"2024-11-26T11:21:35","slug":"handske-syntetlader-helfodrad-2875-97","status":"publish","type":"product","link":"https:\/\/aimo.nypabbutiken.se\/?product=handske-syntetlader-helfodrad-2875-97","title":{"rendered":"Handske, syntet, Helfodrad, Touch"},"content":{"rendered":"","protected":false},"excerpt":{"rendered":"<table width=\"519\">\n<tbody>\n<tr>\n<td width=\"519\">Syntetl\u00e4der, Polyester, Fleece, Cat. II, Gr\u00e5, svart, bl\u00e5, Kromfri, Mjuk, Res\u00e5r 360\u00b0, f\u00f6r allroundarbeten<\/td>\n<\/tr>\n<\/tbody>\n<\/table>\n","protected":false},"featured_media":10445,"template":"","meta":[],"product_brand":[],"product_cat":[108,77],"product_tag":[],"class_list":{"0":"post-10440","1":"product","2":"type-product","3":"status-publish","4":"has-post-thumbnail","6":"product_cat-p-vakter","7":"product_cat-tekniker","9":"first","10":"instock","11":"featured","12":"shipping-taxable","13":"purchasable","14":"product-type-variable"},"_links":{"self":[{"href":"https:\/\/aimo.nypabbutiken.se\/index.php?rest_route=\/wp\/v2\/product\/10440","targetHints":{"allow":["GET"]}}],"collection":[{"href":"https:\/\/aimo.nypabbutiken.se\/index.php?rest_route=\/wp\/v2\/product"}],"about":[{"href":"https:\/\/aimo.nypabbutiken.se\/index.php?rest_route=\/wp\/v2\/types\/product"}],"wp:featuredmedia":[{"embeddable":true,"href":"https:\/\/aimo.nypabbutiken.se\/index.php?rest_route=\/wp\/v2\/media\/10445"}],"wp:attachment":[{"href":"https:\/\/aimo.nypabbutiken.se\/index.php?rest_route=%2Fwp%2Fv2%2Fmedia&parent=10440"}],"wp:term":[{"taxonomy":"product_brand","embeddable":true,"href":"https:\/\/aimo.nypabbutiken.se\/index.php?rest_route=%2Fwp%2Fv2%2Fproduct_brand&post=10440"},{"taxonomy":"product_cat","embeddable":true,"href":"https:\/\/aimo.nypabbutiken.se\/index.php?rest_route=%2Fwp%2Fv2%2Fproduct_cat&post=10440"},{"taxonomy":"product_tag","embeddable":true,"href":"https:\/\/aimo.nypabbutiken.se\/index.php?rest_route=%2Fwp%2Fv2%2Fproduct_tag&post=10440"}],"curies":[{"name":"wp","href":"https:\/\/api.w.org\/{rel}","templated":true}]}}